{"id":1005,"date":"2023-02-24T08:47:26","date_gmt":"2023-02-24T08:47:26","guid":{"rendered":"https:\/\/sodes-shop.com\/?post_type=product&#038;p=1005"},"modified":"2025-11-03T21:07:05","modified_gmt":"2025-11-03T21:07:05","slug":"1005","status":"publish","type":"product","link":"https:\/\/sodes-shop.com\/index.php\/product\/1005\/","title":{"rendered":"Connecteur RJ45 non blinde"},"content":{"rendered":"<ul>\n<li>Connecteurs RJ45 UTP pour c\u00e2ble plat<\/li>\n<li>Type : RJ45<\/li>\n<li>Cat\u00e9gorie : 5e<\/li>\n<li>Nombre de contacts : 8 Dor\u00e9s<\/li>\n<li>Blindage : non<\/li>\n<li>Conditionnement : sachet de 100<\/li>\n<\/ul>\n","protected":false},"excerpt":{"rendered":"<h3>Caract\u00e9ristiques :<\/h3>\n<p>Les connecteurs RJ45 sont une interface r\u00e9seau standardis\u00e9e pour les connexions Ethernet et sont souvent utilis\u00e9s dans les installations LAN (Local Area Network) avec un c\u00e2blage UTP. Cette fiche modulaire est utilis\u00e9e pour construire des assemblages de c\u00e2bles ethernet RJ45, pour connecter des appareils ou des projets \u00e0 un r\u00e9seau. Il est g\u00e9n\u00e9ralement utilis\u00e9 lorsqu&#8217;une connexion r\u00e9seau c\u00e2bl\u00e9e est n\u00e9cessaire, ou dans les racks de serveurs.<\/p>\n<p>&nbsp;<\/p>\n","protected":false},"featured_media":1006,"comment_status":"open","ping_status":"closed","template":"","meta":{"_joinchat":{"message_send":"Bonjour, cet article m'int\u00e9resse https:\/\/sodes-shop.com\/index.php\/product\/1005\/"}},"product_cat":[41],"product_tag":[],"_links":{"self":[{"href":"https:\/\/sodes-shop.com\/index.php\/wp-json\/wp\/v2\/product\/1005"}],"collection":[{"href":"https:\/\/sodes-shop.com\/index.php\/wp-json\/wp\/v2\/product"}],"about":[{"href":"https:\/\/sodes-shop.com\/index.php\/wp-json\/wp\/v2\/types\/product"}],"replies":[{"embeddable":true,"href":"https:\/\/sodes-shop.com\/index.php\/wp-json\/wp\/v2\/comments?post=1005"}],"wp:featuredmedia":[{"embeddable":true,"href":"https:\/\/sodes-shop.com\/index.php\/wp-json\/wp\/v2\/media\/1006"}],"wp:attachment":[{"href":"https:\/\/sodes-shop.com\/index.php\/wp-json\/wp\/v2\/media?parent=1005"}],"wp:term":[{"taxonomy":"product_cat","embeddable":true,"href":"https:\/\/sodes-shop.com\/index.php\/wp-json\/wp\/v2\/product_cat?post=1005"},{"taxonomy":"product_tag","embeddable":true,"href":"https:\/\/sodes-shop.com\/index.php\/wp-json\/wp\/v2\/product_tag?post=1005"}],"curies":[{"name":"wp","href":"https:\/\/api.w.org\/{rel}","templated":true}]}}