{"id":1304,"date":"2023-02-28T12:55:14","date_gmt":"2023-02-28T12:55:14","guid":{"rendered":"https:\/\/sodes-shop.com\/?page_id=1304"},"modified":"2023-03-06T06:10:28","modified_gmt":"2023-03-06T06:10:28","slug":"faq","status":"publish","type":"page","link":"https:\/\/sodes-shop.com\/index.php\/faq\/","title":{"rendered":"Faq"},"content":{"rendered":"\t\t<div data-elementor-type=\"wp-page\" data-elementor-id=\"1304\" class=\"elementor elementor-1304\">\n\t\t\t\t\t\t\t\t\t<section class=\"elementor-section elementor-top-section elementor-element elementor-element-e2deac2 elementor-section-boxed elementor-section-height-default elementor-section-height-default\" data-id=\"e2deac2\" data-element_type=\"section\">\n\t\t\t\t\t\t<div class=\"elementor-container elementor-column-gap-default\">\n\t\t\t\t\t<div class=\"elementor-column elementor-col-100 elementor-top-column elementor-element elementor-element-779dd78\" data-id=\"779dd78\" data-element_type=\"column\">\n\t\t\t<div class=\"elementor-widget-wrap elementor-element-populated\">\n\t\t\t\t\t\t\t\t<div class=\"elementor-element elementor-element-b2530dd elementor-widget elementor-widget-heading\" data-id=\"b2530dd\" data-element_type=\"widget\" data-widget_type=\"heading.default\">\n\t\t\t\t<div class=\"elementor-widget-container\">\n\t\t\t<style>\/*! elementor - v3.10.2 - 29-01-2023 *\/\n.elementor-heading-title{padding:0;margin:0;line-height:1}.elementor-widget-heading .elementor-heading-title[class*=elementor-size-]>a{color:inherit;font-size:inherit;line-height:inherit}.elementor-widget-heading .elementor-heading-title.elementor-size-small{font-size:15px}.elementor-widget-heading .elementor-heading-title.elementor-size-medium{font-size:19px}.elementor-widget-heading .elementor-heading-title.elementor-size-large{font-size:29px}.elementor-widget-heading .elementor-heading-title.elementor-size-xl{font-size:39px}.elementor-widget-heading .elementor-heading-title.elementor-size-xxl{font-size:59px}<\/style><h2 class=\"elementor-heading-title elementor-size-default\">FAQ (\u00abquestions fr\u00e9quemment pos\u00e9es \u00bb)<\/h2>\t\t<\/div>\n\t\t\t\t<\/div>\n\t\t\t\t\t<\/div>\n\t\t<\/div>\n\t\t\t\t\t\t\t<\/div>\n\t\t<\/section>\n\t\t\t\t<section class=\"elementor-section elementor-top-section elementor-element elementor-element-d880114 elementor-section-boxed elementor-section-height-default elementor-section-height-default\" data-id=\"d880114\" data-element_type=\"section\">\n\t\t\t\t\t\t<div class=\"elementor-container elementor-column-gap-default\">\n\t\t\t\t\t<div class=\"elementor-column elementor-col-100 elementor-top-column elementor-element elementor-element-4c62ee9\" data-id=\"4c62ee9\" data-element_type=\"column\">\n\t\t\t<div class=\"elementor-widget-wrap elementor-element-populated\">\n\t\t\t\t\t\t\t\t<div class=\"elementor-element elementor-element-83935fc elementor-widget elementor-widget-accordion\" data-id=\"83935fc\" data-element_type=\"widget\" data-widget_type=\"accordion.default\">\n\t\t\t\t<div class=\"elementor-widget-container\">\n\t\t\t<style>\/*! elementor - v3.10.2 - 29-01-2023 *\/\n.elementor-accordion{text-align:left}.elementor-accordion .elementor-accordion-item{border:1px solid #d4d4d4}.elementor-accordion .elementor-accordion-item+.elementor-accordion-item{border-top:none}.elementor-accordion .elementor-tab-title{margin:0;padding:15px 20px;font-weight:700;line-height:1;cursor:pointer;outline:none}.elementor-accordion .elementor-tab-title .elementor-accordion-icon{display:inline-block;width:1.5em}.elementor-accordion .elementor-tab-title .elementor-accordion-icon svg{width:1em;height:1em}.elementor-accordion .elementor-tab-title .elementor-accordion-icon.elementor-accordion-icon-right{float:right;text-align:right}.elementor-accordion .elementor-tab-title .elementor-accordion-icon.elementor-accordion-icon-left{float:left;text-align:left}.elementor-accordion .elementor-tab-title .elementor-accordion-icon .elementor-accordion-icon-closed{display:block}.elementor-accordion .elementor-tab-title .elementor-accordion-icon .elementor-accordion-icon-opened,.elementor-accordion .elementor-tab-title.elementor-active .elementor-accordion-icon-closed{display:none}.elementor-accordion .elementor-tab-title.elementor-active .elementor-accordion-icon-opened{display:block}.elementor-accordion .elementor-tab-content{display:none;padding:15px 20px;border-top:1px solid #d4d4d4}@media (max-width:767px){.elementor-accordion .elementor-tab-title{padding:12px 15px}.elementor-accordion .elementor-tab-title .elementor-accordion-icon{width:1.2em}.elementor-accordion .elementor-tab-content{padding:7px 15px}}.e-con-inner>.elementor-widget-accordion,.e-con>.elementor-widget-accordion{width:var(--container-widget-width);--flex-grow:var(--container-widget-flex-grow)}<\/style>\t\t<div class=\"elementor-accordion\" role=\"tablist\">\n\t\t\t\t\t\t\t<div class=\"elementor-accordion-item\">\n\t\t\t\t\t<div id=\"elementor-tab-title-1371\" class=\"elementor-tab-title\" data-tab=\"1\" role=\"tab\" aria-controls=\"elementor-tab-content-1371\" aria-expanded=\"false\">\n\t\t\t\t\t\t\t\t\t\t\t\t\t<span class=\"elementor-accordion-icon elementor-accordion-icon-left\" aria-hidden=\"true\">\n\t\t\t\t\t\t\t\t\t\t\t\t\t\t\t<span class=\"elementor-accordion-icon-closed\"><i class=\"fas fa-plus\"><\/i><\/span>\n\t\t\t\t\t\t\t\t<span class=\"elementor-accordion-icon-opened\"><i class=\"fas fa-minus\"><\/i><\/span>\n\t\t\t\t\t\t\t\t\t\t\t\t\t\t<\/span>\n\t\t\t\t\t\t\t\t\t\t\t\t<a class=\"elementor-accordion-title\" href=\"\">Comment passer la commande sur sodes-shop.com<\/a>\n\t\t\t\t\t<\/div>\n\t\t\t\t\t<div id=\"elementor-tab-content-1371\" class=\"elementor-tab-content elementor-clearfix\" data-tab=\"1\" role=\"tabpanel\" aria-labelledby=\"elementor-tab-title-1371\"><p><span style=\"text-align: start; background-color: #ffffff;\"><span style=\"color: #111111; font-family: Arial, sans-serif;\">Commander sur sodes-shop.com\u00a0est un processus facile. Suivez les \u00e9tapes suivantes.<\/span><\/span><br style=\"border: 0px solid #e2e8f0; color: #111111; font-family: Arial, sans-serif; background-color: #ffffff;\" \/><span style=\"color: #111111; font-family: Arial, sans-serif; font-size: 15px; text-align: start; background-color: #ffffff;\">Etape 1: S\u00e9lectionnez votre produit. \u00c0 la barre de recherche, vous pouvez entrer votre requ\u00eate afin de retrouver le produit souhait\u00e9.<\/span><br style=\"border: 0px solid #e2e8f0; color: #111111; font-family: Arial, sans-serif; background-color: #ffffff;\" \/><span style=\"color: #111111; font-family: Arial, sans-serif; font-size: 15px; text-align: start; background-color: #ffffff;\">Etape 2: Cliquez sur \u00ab ajouter au panier \u00bbpour mettre le produit dans votre panier.<\/span><br style=\"border: 0px solid #e2e8f0; color: #111111; font-family: Arial, sans-serif; background-color: #ffffff;\" \/><span style=\"color: #111111; font-family: Arial, sans-serif; font-size: 15px; text-align: start; background-color: #ffffff;\">Etape 3: Cliquez sur \u00ab panier \u00bb dans le coin sup\u00e9rieur droit<\/span><br style=\"border: 0px solid #e2e8f0; color: #111111; font-family: Arial, sans-serif; background-color: #ffffff;\" \/><span style=\"color: #111111; font-family: Arial, sans-serif; font-size: 15px; text-align: start; background-color: #ffffff;\">Etapes 4: Cliquez sur \u00ab payer \u00ab<\/span><br style=\"border: 0px solid #e2e8f0; color: #111111; font-family: Arial, sans-serif; background-color: #ffffff;\" \/><span style=\"color: #111111; font-family: Arial, sans-serif; font-size: 15px; text-align: start; background-color: #ffffff;\">Etape 5: Inscrivez-vous \/ Connectez-vous \u00e0 votre compte en entrant votre email et votre mot de passe,<\/span><br style=\"border: 0px solid #e2e8f0; color: #111111; font-family: Arial, sans-serif; background-color: #ffffff;\" \/><span style=\"color: #111111; font-family: Arial, sans-serif; font-size: 15px; text-align: start; background-color: #ffffff;\">Etape 6: Choisissez votre adresse de livraison ou retire en agence<\/span><br style=\"border: 0px solid #e2e8f0; color: #111111; font-family: Arial, sans-serif; background-color: #ffffff;\" \/><span style=\"color: #111111; font-family: Arial, sans-serif; font-size: 15px; text-align: start; background-color: #ffffff;\">Etape 7: Choisissez votre mode de paiement<\/span><br style=\"border: 0px solid #e2e8f0; color: #111111; font-family: Arial, sans-serif; background-color: #ffffff;\" \/><span style=\"color: #111111; font-family: Arial, sans-serif; font-size: 15px; text-align: start; background-color: #ffffff;\">Etape 8: cliquez sur \u00ab confirmer ma commande \u00bb pour finaliser votre commande.<\/span><br style=\"border: 0px solid #e2e8f0; color: #111111; font-family: Arial, sans-serif; background-color: #ffffff;\" \/><span style=\"text-align: start; background-color: #ffffff;\"><span style=\"color: #111111; font-family: Arial, sans-serif;\">Une fois votre commande pass\u00e9e vous serez contactez par le service client pour confirmation.Commander sur sodes-shop.com\u00a0est un processus facile. Suivez les \u00e9tapes suivantes.<\/span><\/span><\/p><\/div>\n\t\t\t\t<\/div>\n\t\t\t\t\t\t\t\t<\/div>\n\t\t\t\t<\/div>\n\t\t\t\t<\/div>\n\t\t\t\t\t<\/div>\n\t\t<\/div>\n\t\t\t\t\t\t\t<\/div>\n\t\t<\/section>\n\t\t\t\t<section class=\"elementor-section elementor-top-section elementor-element elementor-element-eabb5c2 elementor-section-boxed elementor-section-height-default elementor-section-height-default\" data-id=\"eabb5c2\" data-element_type=\"section\">\n\t\t\t\t\t\t<div class=\"elementor-container elementor-column-gap-default\">\n\t\t\t\t\t<div class=\"elementor-column elementor-col-100 elementor-top-column elementor-element elementor-element-9a6c059\" data-id=\"9a6c059\" data-element_type=\"column\">\n\t\t\t<div class=\"elementor-widget-wrap elementor-element-populated\">\n\t\t\t\t\t\t\t\t<div class=\"elementor-element elementor-element-6d0c9a3 elementor-widget elementor-widget-accordion\" data-id=\"6d0c9a3\" data-element_type=\"widget\" data-widget_type=\"accordion.default\">\n\t\t\t\t<div class=\"elementor-widget-container\">\n\t\t\t\t\t<div class=\"elementor-accordion\" role=\"tablist\">\n\t\t\t\t\t\t\t<div class=\"elementor-accordion-item\">\n\t\t\t\t\t<div id=\"elementor-tab-title-1141\" class=\"elementor-tab-title\" data-tab=\"1\" role=\"tab\" aria-controls=\"elementor-tab-content-1141\" aria-expanded=\"false\">\n\t\t\t\t\t\t\t\t\t\t\t\t\t<span class=\"elementor-accordion-icon elementor-accordion-icon-left\" aria-hidden=\"true\">\n\t\t\t\t\t\t\t\t\t\t\t\t\t\t\t<span class=\"elementor-accordion-icon-closed\"><i class=\"fas fa-plus\"><\/i><\/span>\n\t\t\t\t\t\t\t\t<span class=\"elementor-accordion-icon-opened\"><i class=\"fas fa-minus\"><\/i><\/span>\n\t\t\t\t\t\t\t\t\t\t\t\t\t\t<\/span>\n\t\t\t\t\t\t\t\t\t\t\t\t<a class=\"elementor-accordion-title\" href=\"\">Livraison<\/a>\n\t\t\t\t\t<\/div>\n\t\t\t\t\t<div id=\"elementor-tab-content-1141\" class=\"elementor-tab-content elementor-clearfix\" data-tab=\"1\" role=\"tabpanel\" aria-labelledby=\"elementor-tab-title-1141\"><p><span style=\"text-align: start; background-color: #ffffff;\"><span style=\"color: #111111; font-family: Arial, sans-serif;\">Commander sur sodes-shop.com\u00a0est un processus facile. Suivez les \u00e9tapes suivantes.<\/span><\/span><br style=\"border: 0px solid #e2e8f0; color: #111111; font-family: Arial, sans-serif; background-color: #ffffff;\" \/><span style=\"color: #111111; font-family: Arial, sans-serif; font-size: 15px; text-align: start; background-color: #ffffff;\">Etape 1: S\u00e9lectionnez votre produit. \u00c0 la barre de recherche, vous pouvez entrer votre requ\u00eate afin de retrouver le produit souhait\u00e9.<\/span><br style=\"border: 0px solid #e2e8f0; color: #111111; font-family: Arial, sans-serif; background-color: #ffffff;\" \/><span style=\"color: #111111; font-family: Arial, sans-serif; font-size: 15px; text-align: start; background-color: #ffffff;\">Etape 2: Cliquez sur \u00ab ajouter au panier \u00bbpour mettre le produit dans votre panier.<\/span><br style=\"border: 0px solid #e2e8f0; color: #111111; font-family: Arial, sans-serif; background-color: #ffffff;\" \/><span style=\"color: #111111; font-family: Arial, sans-serif; font-size: 15px; text-align: start; background-color: #ffffff;\">Etape 3: Cliquez sur \u00ab panier \u00bb dans le coin sup\u00e9rieur droit<\/span><br style=\"border: 0px solid #e2e8f0; color: #111111; font-family: Arial, sans-serif; background-color: #ffffff;\" \/><span style=\"color: #111111; font-family: Arial, sans-serif; font-size: 15px; text-align: start; background-color: #ffffff;\">Etapes 4: Cliquez sur \u00ab payer \u00ab<\/span><br style=\"border: 0px solid #e2e8f0; color: #111111; font-family: Arial, sans-serif; background-color: #ffffff;\" \/><span style=\"color: #111111; font-family: Arial, sans-serif; font-size: 15px; text-align: start; background-color: #ffffff;\">Etape 5: Inscrivez-vous \/ Connectez-vous \u00e0 votre compte en entrant votre email et votre mot de passe,<\/span><br style=\"border: 0px solid #e2e8f0; color: #111111; font-family: Arial, sans-serif; background-color: #ffffff;\" \/><span style=\"color: #111111; font-family: Arial, sans-serif; font-size: 15px; text-align: start; background-color: #ffffff;\">Etape 6: Choisissez votre adresse de livraison ou retire en agence<\/span><br style=\"border: 0px solid #e2e8f0; color: #111111; font-family: Arial, sans-serif; background-color: #ffffff;\" \/><span style=\"color: #111111; font-family: Arial, sans-serif; font-size: 15px; text-align: start; background-color: #ffffff;\">Etape 7: Choisissez votre mode de paiement<\/span><br style=\"border: 0px solid #e2e8f0; color: #111111; font-family: Arial, sans-serif; background-color: #ffffff;\" \/><span style=\"color: #111111; font-family: Arial, sans-serif; font-size: 15px; text-align: start; background-color: #ffffff;\">Etape 8: cliquez sur \u00ab confirmer ma commande \u00bb pour finaliser votre commande.<\/span><br style=\"border: 0px solid #e2e8f0; color: #111111; font-family: Arial, sans-serif; background-color: #ffffff;\" \/><span style=\"text-align: start; background-color: #ffffff;\"><span style=\"color: #111111; font-family: Arial, sans-serif;\">Une fois votre commande pass\u00e9e vous serez contactez par le service client pour confirmation.Commander sur sodes-shop.com\u00a0est un processus facile. Suivez les \u00e9tapes suivantes.<\/span><\/span><\/p><\/div>\n\t\t\t\t<\/div>\n\t\t\t\t\t\t\t\t<\/div>\n\t\t\t\t<\/div>\n\t\t\t\t<\/div>\n\t\t\t\t\t<\/div>\n\t\t<\/div>\n\t\t\t\t\t\t\t<\/div>\n\t\t<\/section>\n\t\t\t\t<section class=\"elementor-section elementor-top-section elementor-element elementor-element-062c363 elementor-section-boxed elementor-section-height-default elementor-section-height-default\" data-id=\"062c363\" data-element_type=\"section\">\n\t\t\t\t\t\t<div class=\"elementor-container elementor-column-gap-default\">\n\t\t\t\t\t<div class=\"elementor-column elementor-col-100 elementor-top-column elementor-element elementor-element-7c6d258\" data-id=\"7c6d258\" data-element_type=\"column\">\n\t\t\t<div class=\"elementor-widget-wrap elementor-element-populated\">\n\t\t\t\t\t\t\t\t<div class=\"elementor-element elementor-element-0e9756e elementor-widget elementor-widget-accordion\" data-id=\"0e9756e\" data-element_type=\"widget\" data-widget_type=\"accordion.default\">\n\t\t\t\t<div class=\"elementor-widget-container\">\n\t\t\t\t\t<div class=\"elementor-accordion\" role=\"tablist\">\n\t\t\t\t\t\t\t<div class=\"elementor-accordion-item\">\n\t\t\t\t\t<div id=\"elementor-tab-title-1521\" class=\"elementor-tab-title\" data-tab=\"1\" role=\"tab\" aria-controls=\"elementor-tab-content-1521\" aria-expanded=\"false\">\n\t\t\t\t\t\t\t\t\t\t\t\t\t<span class=\"elementor-accordion-icon elementor-accordion-icon-left\" aria-hidden=\"true\">\n\t\t\t\t\t\t\t\t\t\t\t\t\t\t\t<span class=\"elementor-accordion-icon-closed\"><i class=\"fas fa-plus\"><\/i><\/span>\n\t\t\t\t\t\t\t\t<span class=\"elementor-accordion-icon-opened\"><i class=\"fas fa-minus\"><\/i><\/span>\n\t\t\t\t\t\t\t\t\t\t\t\t\t\t<\/span>\n\t\t\t\t\t\t\t\t\t\t\t\t<a class=\"elementor-accordion-title\" href=\"\">Retour et remboursement<\/a>\n\t\t\t\t\t<\/div>\n\t\t\t\t\t<div id=\"elementor-tab-content-1521\" class=\"elementor-tab-content elementor-clearfix\" data-tab=\"1\" role=\"tabpanel\" aria-labelledby=\"elementor-tab-title-1521\"><p>Politique de retour :\u00a0<\/p><p>Les retours des produits par les clients sont g\u00e9r\u00e9s conform\u00e9ment aux d\u00e9lais et process bien d\u00e9finis. L\u2019acceptation des retours sur Sodes.Sarl Cameroun se doit de respecter nos clauses.<\/p><p><strong>Comment retourner un produit ? <\/strong><\/p><p>1- Contactez le service client dans un d\u00e9lai de 5 jours d\u00e8s l\u2019achat de votre produit au 697939281 &amp; 654511212 .<\/p><p>2- Rendez-vous dans nos locaux, points relais, entrep\u00f4ts\u2026 muni de :\u00a0<\/p><p>L\u2019article en bon \u00e9tat accompagn\u00e9 de tous ses accessoires,<\/p><p>Du bordereau de livraison, D\u2019un document officiel de nationalit\u00e9\u00a0<\/p><p>3- Vous serez contact\u00e9 sous un d\u00e9lai de 72 heures maximum pour le compte rendu de votre requ\u00eate.\u00a0<\/p><p><strong>Motifs de retours <\/strong><\/p><p>Les articles ne peuvent \u00eatre retourn\u00e9s seulement si :<\/p><p>&#8211; L\u2019article est non conforme\u00a0<\/p><p>&#8211; Livraison incompl\u00e8te\u00a0<\/p><p>&#8211; Diff\u00e9rent de votre commande\u00a0<\/p><p>&#8211; Contre fa\u00e7on avec preuve (num\u00e9ro de s\u00e9rie\/ identifiant du produit du fabricant suscit\u00e9)\u00a0<\/p><p>&#8211; L\u2019article est d\u00e9fectueux\u00a0<\/p><p><strong>Que faire si ma demande de retour est refus\u00e9e\u00a0 <\/strong><\/p><p>Si l\u2019examen s\u2019av\u00e8re n\u00e9gatif, vous ne serez pas \u00e9ligible \u00e0 un remboursement et votre produit vous sera retourn\u00e9.<\/p><p><strong>Politique de remboursement : <\/strong><\/p><p>Dans un d\u00e9lai de 72 heures \u00e0 la hauteur de votre achat, plusieurs types de remboursements sont possibles dans ce cas.\u00a0 Les articles retourn\u00e9s et r\u00e9pondant \u00e0 nos process effectifs sont trait\u00e9s.<\/p><p>Bon d&#8217;achat : est un coupon d&#8217;achat de la valeur de l&#8217;article retourn\u00e9 afin de passer une nouvelle commande sur le site.<\/p><p>D\u00e9p\u00f4t sur le compte mobile (Orange Money, MTN Mobile Money) : un montant de la valeur de l&#8217;article est d\u00e9pos\u00e9 dans le compte du client.<\/p><p>Remboursement en cash : Apr\u00e8s avoir \u00e9t\u00e9 contact\u00e9 par le service client, vous vous rendez dans un point de retrait afin de retirer le montant correspondant \u00e0 l&#8217;article muni de votre carte nationale d&#8217;identit\u00e9.<\/p><p>Nous tenons \u00e0 pr\u00e9ciser que tout retour d\u00fb \u00e0 l\u2019utilisation du client de l\u2019article ne sera pas recevable. Dans ce cas, vous pourrez passer au Service Apr\u00e8s-Vente pour profiter de la garantie des articles.\u00a0<\/p><p>\u00a0<\/p><p>\u00a0<\/p><p>\u00a0<\/p><\/div>\n\t\t\t\t<\/div>\n\t\t\t\t\t\t\t\t<\/div>\n\t\t\t\t<\/div>\n\t\t\t\t<\/div>\n\t\t\t\t\t<\/div>\n\t\t<\/div>\n\t\t\t\t\t\t\t<\/div>\n\t\t<\/section>\n\t\t\t\t<section class=\"elementor-section elementor-top-section elementor-element elementor-element-9fe1795 elementor-section-boxed elementor-section-height-default elementor-section-height-default\" data-id=\"9fe1795\" data-element_type=\"section\">\n\t\t\t\t\t\t<div class=\"elementor-container elementor-column-gap-default\">\n\t\t\t\t\t<div class=\"elementor-column elementor-col-25 elementor-top-column elementor-element elementor-element-d72ac6f\" data-id=\"d72ac6f\" data-element_type=\"column\">\n\t\t\t<div class=\"elementor-widget-wrap elementor-element-populated\">\n\t\t\t\t\t\t\t\t<div class=\"elementor-element elementor-element-aebf19c elementor-view-framed elementor-position-left elementor-shape-circle elementor-mobile-position-top elementor-vertical-align-top elementor-widget elementor-widget-icon-box\" data-id=\"aebf19c\" data-element_type=\"widget\" data-widget_type=\"icon-box.default\">\n\t\t\t\t<div class=\"elementor-widget-container\">\n\t\t\t<link rel=\"stylesheet\" href=\"https:\/\/sodes-shop.com\/wp-content\/plugins\/elementor\/assets\/css\/widget-icon-box.min.css\">\t\t<div class=\"elementor-icon-box-wrapper\">\n\t\t\t\t\t\t<div class=\"elementor-icon-box-icon\">\n\t\t\t\t<span class=\"elementor-icon elementor-animation-\" >\n\t\t\t\t<i aria-hidden=\"true\" class=\"fas fa-shipping-fast\"><\/i>\t\t\t\t<\/span>\n\t\t\t<\/div>\n\t\t\t\t\t\t<div class=\"elementor-icon-box-content\">\n\t\t\t\t<h5 class=\"elementor-icon-box-title\">\n\t\t\t\t\t<span  >\n\t\t\t\t\t\tLivraison rapide\t\t\t\t\t<\/span>\n\t\t\t\t<\/h5>\n\t\t\t\t\t\t\t\t\t<p class=\"elementor-icon-box-description\">\n\t\t\t\t\t\t\u00e0 partir de 3h\t\t\t\t\t<\/p>\n\t\t\t\t\t\t\t<\/div>\n\t\t<\/div>\n\t\t\t\t<\/div>\n\t\t\t\t<\/div>\n\t\t\t\t\t<\/div>\n\t\t<\/div>\n\t\t\t\t<div class=\"elementor-column elementor-col-25 elementor-top-column elementor-element elementor-element-ea81db2\" data-id=\"ea81db2\" data-element_type=\"column\">\n\t\t\t<div class=\"elementor-widget-wrap elementor-element-populated\">\n\t\t\t\t\t\t\t\t<div class=\"elementor-element elementor-element-14f252a elementor-view-framed elementor-position-left elementor-shape-circle elementor-mobile-position-top elementor-vertical-align-top elementor-widget elementor-widget-icon-box\" data-id=\"14f252a\" data-element_type=\"widget\" data-widget_type=\"icon-box.default\">\n\t\t\t\t<div class=\"elementor-widget-container\">\n\t\t\t\t\t<div class=\"elementor-icon-box-wrapper\">\n\t\t\t\t\t\t<div class=\"elementor-icon-box-icon\">\n\t\t\t\t<span class=\"elementor-icon elementor-animation-\" >\n\t\t\t\t<i aria-hidden=\"true\" class=\"fas fa-medal\"><\/i>\t\t\t\t<\/span>\n\t\t\t<\/div>\n\t\t\t\t\t\t<div class=\"elementor-icon-box-content\">\n\t\t\t\t<h5 class=\"elementor-icon-box-title\">\n\t\t\t\t\t<span  >\n\t\t\t\t\t\tProduits authentiques\t\t\t\t\t<\/span>\n\t\t\t\t<\/h5>\n\t\t\t\t\t\t\t\t\t<p class=\"elementor-icon-box-description\">\n\t\t\t\t\t\t100% garantis\t\t\t\t\t<\/p>\n\t\t\t\t\t\t\t<\/div>\n\t\t<\/div>\n\t\t\t\t<\/div>\n\t\t\t\t<\/div>\n\t\t\t\t\t<\/div>\n\t\t<\/div>\n\t\t\t\t<div class=\"elementor-column elementor-col-25 elementor-top-column elementor-element elementor-element-a94a58a\" data-id=\"a94a58a\" data-element_type=\"column\">\n\t\t\t<div class=\"elementor-widget-wrap elementor-element-populated\">\n\t\t\t\t\t\t\t\t<div class=\"elementor-element elementor-element-440abdf elementor-position-left elementor-view-default elementor-mobile-position-top elementor-vertical-align-top elementor-widget elementor-widget-icon-box\" data-id=\"440abdf\" data-element_type=\"widget\" data-widget_type=\"icon-box.default\">\n\t\t\t\t<div class=\"elementor-widget-container\">\n\t\t\t\t\t<div class=\"elementor-icon-box-wrapper\">\n\t\t\t\t\t\t<div class=\"elementor-icon-box-icon\">\n\t\t\t\t<span class=\"elementor-icon elementor-animation-\" >\n\t\t\t\t<i aria-hidden=\"true\" class=\"fas fa-redo-alt\"><\/i>\t\t\t\t<\/span>\n\t\t\t<\/div>\n\t\t\t\t\t\t<div class=\"elementor-icon-box-content\">\n\t\t\t\t<h5 class=\"elementor-icon-box-title\">\n\t\t\t\t\t<span  >\n\t\t\t\t\t\tRetour rapide et facile\t\t\t\t\t<\/span>\n\t\t\t\t<\/h5>\n\t\t\t\t\t\t\t\t\t<p class=\"elementor-icon-box-description\">\n\t\t\t\t\t\tSur 7 jours\t\t\t\t\t<\/p>\n\t\t\t\t\t\t\t<\/div>\n\t\t<\/div>\n\t\t\t\t<\/div>\n\t\t\t\t<\/div>\n\t\t\t\t\t<\/div>\n\t\t<\/div>\n\t\t\t\t<div class=\"elementor-column elementor-col-25 elementor-top-column elementor-element elementor-element-c01bb85\" data-id=\"c01bb85\" data-element_type=\"column\">\n\t\t\t<div class=\"elementor-widget-wrap elementor-element-populated\">\n\t\t\t\t\t\t\t\t<div class=\"elementor-element elementor-element-b9db567 elementor-position-left elementor-view-default elementor-mobile-position-top elementor-vertical-align-top elementor-widget elementor-widget-icon-box\" data-id=\"b9db567\" data-element_type=\"widget\" data-widget_type=\"icon-box.default\">\n\t\t\t\t<div class=\"elementor-widget-container\">\n\t\t\t\t\t<div class=\"elementor-icon-box-wrapper\">\n\t\t\t\t\t\t<div class=\"elementor-icon-box-icon\">\n\t\t\t\t<span class=\"elementor-icon elementor-animation-\" >\n\t\t\t\t<i aria-hidden=\"true\" class=\"fas fa-headset\"><\/i>\t\t\t\t<\/span>\n\t\t\t<\/div>\n\t\t\t\t\t\t<div class=\"elementor-icon-box-content\">\n\t\t\t\t<h5 class=\"elementor-icon-box-title\">\n\t\t\t\t\t<span  >\n\t\t\t\t\t\tVous avez des questions? Appelez-nous!\t\t\t\t\t<\/span>\n\t\t\t\t<\/h5>\n\t\t\t\t\t\t\t\t\t<p class=\"elementor-icon-box-description\">\n\t\t\t\t\t\t(+237)697939281 & 654511212\t\t\t\t\t<\/p>\n\t\t\t\t\t\t\t<\/div>\n\t\t<\/div>\n\t\t\t\t<\/div>\n\t\t\t\t<\/div>\n\t\t\t\t\t<\/div>\n\t\t<\/div>\n\t\t\t\t\t\t\t<\/div>\n\t\t<\/section>\n\t\t\t\t\t\t\t<\/div>\n\t\t","protected":false},"excerpt":{"rendered":"<p>FAQ (\u00abquestions fr\u00e9quemment pos\u00e9es \u00bb) Comment passer la commande sur sodes-shop.com Commander sur sodes-shop.com\u00a0est un processus facile. Suivez les \u00e9tapes suivantes.Etape 1: S\u00e9lectionnez votre produit. \u00c0 la barre de recherche,<\/p>\n","protected":false},"author":1,"featured_media":0,"parent":0,"menu_order":0,"comment_status":"closed","ping_status":"closed","template":"","meta":{"footnotes":"","_joinchat":[]},"_links":{"self":[{"href":"https:\/\/sodes-shop.com\/index.php\/wp-json\/wp\/v2\/pages\/1304"}],"collection":[{"href":"https:\/\/sodes-shop.com\/index.php\/wp-json\/wp\/v2\/pages"}],"about":[{"href":"https:\/\/sodes-shop.com\/index.php\/wp-json\/wp\/v2\/types\/page"}],"author":[{"embeddable":true,"href":"https:\/\/sodes-shop.com\/index.php\/wp-json\/wp\/v2\/users\/1"}],"replies":[{"embeddable":true,"href":"https:\/\/sodes-shop.com\/index.php\/wp-json\/wp\/v2\/comments?post=1304"}],"version-history":[{"count":58,"href":"https:\/\/sodes-shop.com\/index.php\/wp-json\/wp\/v2\/pages\/1304\/revisions"}],"predecessor-version":[{"id":1878,"href":"https:\/\/sodes-shop.com\/index.php\/wp-json\/wp\/v2\/pages\/1304\/revisions\/1878"}],"wp:attachment":[{"href":"https:\/\/sodes-shop.com\/index.php\/wp-json\/wp\/v2\/media?parent=1304"}],"curies":[{"name":"wp","href":"https:\/\/api.w.org\/{rel}","templated":true}]}}